{"id":8,"date":"2020-06-24T10:18:01","date_gmt":"2020-06-24T10:18:01","guid":{"rendered":"https:\/\/www.fc-modul.si\/?page_id=8"},"modified":"2024-04-10T05:27:40","modified_gmt":"2024-04-10T05:27:40","slug":"domaca-stran","status":"publish","type":"page","link":"https:\/\/www.fc-modul.si\/sl\/","title":{"rendered":"Domov"},"content":{"rendered":"<!--themify_builder_content-->\n<div id=\"themify_builder_content-8\" data-postid=\"8\" class=\"themify_builder_content themify_builder_content-8 themify_builder tf_clear\">\n                    <div  data-css_id=\"5w7w396\" data-lazy=\"1\" class=\"module_row themify_builder_row fullwidth tb_5w7w396 tb_first tf_w\">\n                        <div class=\"row_inner col_align_top tb_col_count_1 tf_box tf_rel\">\n                        <div  data-lazy=\"1\" class=\"module_column tb-column col-full tb_6n01396 first\">\n        <span  class=\"builder_row_cover tf_abs\" data-lazy=\"1\"><\/span>            <!-- module image -->\n<div  class=\"module module-image tb_8njv900 image-center   tf_mw\" data-lazy=\"1\">\n        <div class=\"image-wrap tf_rel tf_mw\">\n            <img loading=\"lazy\" decoding=\"async\" src=\"https:\/\/www.fc-modul.si\/wp-content\/uploads\/2020\/06\/FC-Modul-Logo_White_BIG-1024x206-700x141.png\" width=\"700\" height=\"141\" class=\"wp-post-image wp-image-62\" title=\"FC-Modul - Logo_White_BIG\" alt=\"FC-Modul - Logo_White_BIG\" srcset=\"https:\/\/www.fc-modul.si\/wp-content\/uploads\/2020\/06\/FC-Modul-Logo_White_BIG-1024x206-700x141.png 700w, https:\/\/www.fc-modul.si\/wp-content\/uploads\/2020\/06\/FC-Modul-Logo_White_BIG-300x60.png 300w, https:\/\/www.fc-modul.si\/wp-content\/uploads\/2020\/06\/FC-Modul-Logo_White_BIG-1024x206.png 1024w, https:\/\/www.fc-modul.si\/wp-content\/uploads\/2020\/06\/FC-Modul-Logo_White_BIG-768x155.png 768w, https:\/\/www.fc-modul.si\/wp-content\/uploads\/2020\/06\/FC-Modul-Logo_White_BIG-1536x310.png 1536w, https:\/\/www.fc-modul.si\/wp-content\/uploads\/2020\/06\/FC-Modul-Logo_White_BIG-2048x413.png 2048w\" sizes=\"auto, (max-width: 700px) 100vw, 700px\" \/>    \n        <\/div>\n    <!-- \/image-wrap -->\n    \n        <\/div>\n<!-- \/module image -->        <\/div>\n                        <\/div>\n        <\/div>\n                        <div  data-lazy=\"1\" class=\"module_row themify_builder_row tb_o5tr239 tf_w\">\n                        <div class=\"row_inner col_align_top tb_col_count_2 tf_box tf_rel\">\n                        <div  data-lazy=\"1\" class=\"module_column tb-column tb_kcdg239 first\">\n                    <!-- module counter -->\n<div  class=\"module module-counter tb_7d7u361 size-small  tf_textc \" data-lazy=\"1\">\n\t\t\n\t\t<div class=\"counter-chart tf_rel\">\n\t\t\t<svg class=\"tf_abs tf_w tf_h\">\n\t\t\t\t\t\t<circle class=\"tb_counter_fill\" stroke=\"rgba(0,0,0,.1)\" stroke-width=\"2\"\/>\n\t\t\t<circle class=\"tb_counter_stroke\" stroke-width=\"2\" stroke=\"#099ceb\" data-progress=\"100\" stroke-dasharray=\"0,10000\"\/>\n\t\t\t<\/svg>\n\t\t\t\t<div class=\"number tf_abs_c\">\n\t\t\t<span class=\"bc-timer\"\n\t\t\t\t  data-to=\"29\"\n\t\t\t\t  data-suffix=\"\"\n\t\t\t\t  data-prefix=\"\"\n\t\t\t\t  data-decimals=\"0\"\n\t\t\t\t  data-grouping=\"\"\n                                ><\/span>\n\t\t<\/div>\n\n\t\t\t\t<\/div><!-- .chart -->\n\t\n    <div class=\"counter-text\">Let izku\u0161enj<\/div>\n\n\t<\/div>\n<!-- \/module counter -->\n        <\/div>\n                    <div  data-lazy=\"1\" class=\"module_column tb-column tb_8d9f240 last\">\n                    <!-- module counter -->\n<div  class=\"module module-counter tb_el5q185 size-small  tf_textc \" data-lazy=\"1\">\n\t\t\n\t\t<div class=\"counter-chart tf_rel\">\n\t\t\t<svg class=\"tf_abs tf_w tf_h\">\n\t\t\t\t\t\t<circle class=\"tb_counter_fill\" stroke=\"rgba(0,0,0,.1)\" stroke-width=\"2\"\/>\n\t\t\t<circle class=\"tb_counter_stroke\" stroke-width=\"2\" stroke=\"#099ceb\" data-progress=\"100\" stroke-dasharray=\"0,10000\"\/>\n\t\t\t<\/svg>\n\t\t\t\t<div class=\"number tf_abs_c\">\n\t\t\t<span class=\"bc-timer\"\n\t\t\t\t  data-to=\"200\"\n\t\t\t\t  data-suffix=\"\"\n\t\t\t\t  data-prefix=\"\"\n\t\t\t\t  data-decimals=\"0\"\n\t\t\t\t  data-grouping=\"\"\n                                ><\/span>\n\t\t<\/div>\n\n\t\t\t\t<\/div><!-- .chart -->\n\t\n    <div class=\"counter-text\">Dozirnih naprav letno<\/div>\n\n\t<\/div>\n<!-- \/module counter -->\n        <\/div>\n                        <\/div>\n        <\/div>\n                        <div  data-lazy=\"1\" class=\"module_row themify_builder_row tb_poi5159 tf_w\">\n                        <div class=\"row_inner col_align_top tb_col_count_1 tf_box tf_rel\">\n                        <div  data-lazy=\"1\" class=\"module_column tb-column col-full tb_ngzi161 first\">\n                    <!-- module fancy heading -->\n<div  class=\"module module-fancy-heading tb_vgdw700 \" data-lazy=\"1\">\n        <h1 class=\"fancy-heading tf_textc\">\n    <span class=\"main-head tf_block\">\n                    Dozirne naprave            <\/span>\n\n    \n    <span class=\"sub-head tf_block tf_rel\">\n                    Izdelane po meri naro\u010dnika            <\/span>\n    <\/h1>\n<\/div>\n<!-- \/module fancy heading -->\n        <\/div>\n                        <\/div>\n        <\/div>\n                        <div  data-lazy=\"1\" class=\"module_row themify_builder_row tb_pzkt109 tf_w\">\n                        <div class=\"row_inner col_align_top tb_col_count_2 tf_box tf_rel\">\n                        <div  data-lazy=\"1\" class=\"module_column tb-column tb_0hru111 first\">\n                    <!-- module text -->\n<div  class=\"module module-text tb_doq439   \" data-lazy=\"1\">\n        <div  class=\"tb_text_wrap\">\n        <p>Poslanstvo podjetja FC MODUL d.o.o. je oskrbovanje industrije z elementi in sistemi &#8211; vibracijskimi dodajalniki (vibration feeders) za avtomatsko dodajanje polizdelkov v skladu z \u017eeljami in potrebami naro\u010dnika.<\/p>\n<p>Prednostna naloga pri izvajanju poslanstva je vzdr\u017eevanje in \u0161iritev strokovnega znanja zaposlenih. Le s pomo\u010djo znanja in izku\u0161enj svojih zaposlenih in izbranih kakovostnih dobaviteljev bo podjetje tudi v bodo\u010de sposobno vzorno opravljati svoje poslanstvo.<\/p>    <\/div>\n<\/div>\n<!-- \/module text -->        <\/div>\n                    <div  data-lazy=\"1\" class=\"module_column tb-column tb_rt0o111 last\">\n                    <!-- module image -->\n<div  class=\"module module-image tb_y26i15 image-top   tf_mw\" data-lazy=\"1\">\n        <div class=\"image-wrap tf_rel tf_mw\">\n            <img decoding=\"async\" src=\"https:\/\/www.fc-modul.si\/wp-content\/uploads\/2021\/02\/untitled.14-1024x738-693x500.png\" height=\"500\" class=\"wp-post-image wp-image-240\" title=\"untitled.14\" alt=\"untitled.14\" srcset=\"https:\/\/www.fc-modul.si\/wp-content\/uploads\/2021\/02\/untitled.14-1024x738-693x500.png 693w, https:\/\/www.fc-modul.si\/wp-content\/uploads\/2021\/02\/untitled.14-300x216.png 300w, https:\/\/www.fc-modul.si\/wp-content\/uploads\/2021\/02\/untitled.14-1024x738.png 1024w, https:\/\/www.fc-modul.si\/wp-content\/uploads\/2021\/02\/untitled.14-768x554.png 768w, https:\/\/www.fc-modul.si\/wp-content\/uploads\/2021\/02\/untitled.14-1536x1107.png 1536w, https:\/\/www.fc-modul.si\/wp-content\/uploads\/2021\/02\/untitled.14.png 1920w\" sizes=\"(max-width: 693px) 100vw, 693px\" \/>    \n        <\/div>\n    <!-- \/image-wrap -->\n    \n        <\/div>\n<!-- \/module image -->        <\/div>\n                        <\/div>\n        <\/div>\n        <\/div>\n<!--\/themify_builder_content-->","protected":false},"excerpt":{"rendered":"<p>Poslanstvo podjetja FC MODUL d.o.o. je oskrbovanje industrije z elementi in sistemi &#8211; vibracijskimi dodajalniki (vibration feeders) za avtomatsko dodajanje polizdelkov v skladu z \u017eeljami in potrebami naro\u010dnika. Prednostna naloga pri izvajanju poslanstva je vzdr\u017eevanje in \u0161iritev strokovnega znanja zaposlenih. Le s pomo\u010djo znanja in izku\u0161enj svojih zaposlenih in izbranih kakovostnih dobaviteljev bo podjetje tudi [&hellip;]<\/p>\n","protected":false},"author":1,"featured_media":0,"parent":0,"menu_order":0,"comment_status":"closed","ping_status":"closed","template":"","meta":{"footnotes":""},"class_list":["post-8","page","type-page","status-publish","hentry","has-post-title","has-post-date","has-post-category","has-post-tag","has-post-comment","has-post-author",""],"builder_content":"<img src=\"https:\/\/www.fc-modul.si\/wp-content\/uploads\/2020\/06\/FC-Modul-Logo_White_BIG-1024x206-700x141.png\" width=\"700\" height=\"141\" title=\"FC-Modul - Logo_White_BIG\" alt=\"FC-Modul - Logo_White_BIG\" srcset=\"https:\/\/www.fc-modul.si\/wp-content\/uploads\/2020\/06\/FC-Modul-Logo_White_BIG-1024x206-700x141.png 700w, https:\/\/www.fc-modul.si\/wp-content\/uploads\/2020\/06\/FC-Modul-Logo_White_BIG-300x60.png 300w, https:\/\/www.fc-modul.si\/wp-content\/uploads\/2020\/06\/FC-Modul-Logo_White_BIG-1024x206.png 1024w, https:\/\/www.fc-modul.si\/wp-content\/uploads\/2020\/06\/FC-Modul-Logo_White_BIG-768x155.png 768w, https:\/\/www.fc-modul.si\/wp-content\/uploads\/2020\/06\/FC-Modul-Logo_White_BIG-1536x310.png 1536w, https:\/\/www.fc-modul.si\/wp-content\/uploads\/2020\/06\/FC-Modul-Logo_White_BIG-2048x413.png 2048w\" sizes=\"(max-width: 700px) 100vw, 700px\" \/>\n<svg> <circle stroke=\"rgba(0,0,0,.1)\" stroke-width=\"2\"\/> <circle stroke-width=\"2\" stroke=\"#099ceb\" data-progress=\"100\" stroke-dasharray=\"0,10000\"\/> <\/svg> \n Let izku\u0161enj\n<svg> <circle stroke=\"rgba(0,0,0,.1)\" stroke-width=\"2\"\/> <circle stroke-width=\"2\" stroke=\"#099ceb\" data-progress=\"100\" stroke-dasharray=\"0,10000\"\/> <\/svg> \n Dozirnih naprav letno\n<h1>Dozirne naprave<br\/>Izdelane po meri naro\u010dnika<\/h1>\n<p>Poslanstvo podjetja FC MODUL d.o.o. je oskrbovanje industrije z elementi in sistemi - vibracijskimi dodajalniki (vibration feeders) za avtomatsko dodajanje polizdelkov v skladu z \u017eeljami in potrebami naro\u010dnika.<\/p> <p>Prednostna naloga pri izvajanju poslanstva je vzdr\u017eevanje in \u0161iritev strokovnega znanja zaposlenih. Le s pomo\u010djo znanja in izku\u0161enj svojih zaposlenih in izbranih kakovostnih dobaviteljev bo podjetje tudi v bodo\u010de sposobno vzorno opravljati svoje poslanstvo.<\/p>\n<img src=\"https:\/\/www.fc-modul.si\/wp-content\/uploads\/2021\/02\/untitled.14-1024x738-693x500.png\" height=\"500\" title=\"untitled.14\" alt=\"untitled.14\" srcset=\"https:\/\/www.fc-modul.si\/wp-content\/uploads\/2021\/02\/untitled.14-1024x738-693x500.png 693w, https:\/\/www.fc-modul.si\/wp-content\/uploads\/2021\/02\/untitled.14-300x216.png 300w, https:\/\/www.fc-modul.si\/wp-content\/uploads\/2021\/02\/untitled.14-1024x738.png 1024w, https:\/\/www.fc-modul.si\/wp-content\/uploads\/2021\/02\/untitled.14-768x554.png 768w, https:\/\/www.fc-modul.si\/wp-content\/uploads\/2021\/02\/untitled.14-1536x1107.png 1536w, https:\/\/www.fc-modul.si\/wp-content\/uploads\/2021\/02\/untitled.14.png 1920w\" sizes=\"(max-width: 693px) 100vw, 693px\" \/>","_links":{"self":[{"href":"https:\/\/www.fc-modul.si\/sl\/wp-json\/wp\/v2\/pages\/8","targetHints":{"allow":["GET"]}}],"collection":[{"href":"https:\/\/www.fc-modul.si\/sl\/wp-json\/wp\/v2\/pages"}],"about":[{"href":"https:\/\/www.fc-modul.si\/sl\/wp-json\/wp\/v2\/types\/page"}],"author":[{"embeddable":true,"href":"https:\/\/www.fc-modul.si\/sl\/wp-json\/wp\/v2\/users\/1"}],"replies":[{"embeddable":true,"href":"https:\/\/www.fc-modul.si\/sl\/wp-json\/wp\/v2\/comments?post=8"}],"version-history":[{"count":30,"href":"https:\/\/www.fc-modul.si\/sl\/wp-json\/wp\/v2\/pages\/8\/revisions"}],"predecessor-version":[{"id":353,"href":"https:\/\/www.fc-modul.si\/sl\/wp-json\/wp\/v2\/pages\/8\/revisions\/353"}],"wp:attachment":[{"href":"https:\/\/www.fc-modul.si\/sl\/wp-json\/wp\/v2\/media?parent=8"}],"curies":[{"name":"wp","href":"https:\/\/api.w.org\/{rel}","templated":true}]}}